{"id":8122,"date":"2021-01-08T09:28:46","date_gmt":"2021-01-08T09:28:46","guid":{"rendered":"https:\/\/www.ims-sotogrande.com\/aviso-legal\/"},"modified":"2024-04-24T08:05:18","modified_gmt":"2024-04-24T08:05:18","slug":"aviso-legal","status":"publish","type":"page","link":"https:\/\/www.ims-sotogrande.com\/es\/aviso-legal\/","title":{"rendered":"Aviso Legal"},"content":{"rendered":"\n<div style=\"height:35px\" aria-hidden=\"true\" class=\"wp-block-spacer\"><\/div>\n\n<h1 class=\"wp-block-heading\" style=\"font-size:35px\">AVISO LEGAL<\/h1>\n\n<div style=\"height:20px\" aria-hidden=\"true\" class=\"wp-block-spacer\"><\/div>\n\n<h2 class=\"wp-block-heading\" style=\"font-size:25px\"><strong>1. DATOS IDENTIFICATIVOS<\/strong><\/h2>\n\n<p>Tribe Family como m\u00e1xima responsable de IMS ha adecuado esta web a las exigencias del Reglamento (UE) 2016\/679 del Parlamento Europeo y del Consejo de 27 de abril de 2016 relativo a la protecci\u00f3n de datos de las personas f\u00edsicas en lo que respecta al tratamiento de datos personales y a la libre circulaci\u00f3n de estos datos y por el que se deroga la Directiva 95\/46\/CE (RGPD), as\u00ed como con la Ley 34\/2002, de 11 de julio, de Servicios de la Sociedad de la Informaci\u00f3n y Comercio Electr\u00f3nico (LSSICE o LSSI).<\/p>\n\n<p>A continuaci\u00f3n se reflejan los siguientes datos en cumplimento de la Ley 34\/2002 de Servicios de la Sociedad de la Informaci\u00f3n y el Comercio Electr\u00f3nico <strong>(LSSI)<\/strong>:<\/p>\n\n<p>\u2013 Titular IMS: Tribe Family<\/p>\n\n<p>\u2013 Empresa titular del dominio web es IMS<\/p>\n\n<p>\u2013 Domicilio IMS: Edificio Sotocentro &#8211; Planta 1 , Carretera N IV 11310 Sotogrande &#8211; C\u00e1diz (Spain)<\/p>\n\n<p>\u2013 Correo electr\u00f3nico de contacto: <a href=\"mailto:info@ims-sotogrande.com\">info@ims-sotogrande.com<\/a> del sitio web.<\/p>\n\n<p>Tribe Family como responsable de esta web, asume el compromiso de procesar la informaci\u00f3n de sus usuarios y clientes con plenas garant\u00edas y cumplir con los requisitos nacionales y europeos que regulan la recopilaci\u00f3n y uso de los datos personales de los usuarios.<\/p>\n\n<h2 class=\"wp-block-heading\" style=\"font-size:25px\"><strong>2. COMPROMISO Y OBLIGACIONES DE LOS USUARIOS DE IMS<\/strong><\/h2>\n\n<p>El acceso y\/o uso de este portal de IMS atribuye la condici\u00f3n de USUARIO, que acepta, desde dicho acceso y\/o uso, las Condiciones Generales de Uso aqu\u00ed reflejadas.<\/p>\n\n<p>En la utilizaci\u00f3n de la web, el usuario se compromete a no llevar a cabo ninguna conducta que pudiera da\u00f1ar la imagen, los intereses y los derechos de Tribe Family y su web Colegio o de terceros o que pudiera da\u00f1ar, inutilizar o sobrecargar los portales que impidiera, de cualquier forma, la normal utilizaci\u00f3n de la web.<\/p>\n\n<h2 class=\"wp-block-heading\" style=\"font-size:25px\"><strong>3. USO DEL PORTAL<\/strong><\/h2>\n\n<p>La web www.ims-sotogrande.com proporciona el acceso a multitud de informaciones, servicios, programas o datos (en adelante, \u201clos contenidos\u201d) en Internet pertenecientes a IMS Sotogrande o a sus licenciantes a los que el USUARIO pueda tener acceso. El USUARIO asume la responsabilidad del uso del portal. Dicha responsabilidad se extiende al registro que fuese necesario para acceder a determinados servicios o contenidos.<\/p>\n\n<p>En dicho registro el USUARIO ser\u00e1 responsable de aportar informaci\u00f3n veraz y l\u00edcita. Como consecuencia de este registro, al USUARIO se le puede proporcionar una contrase\u00f1a de la que ser\u00e1 responsable, comprometi\u00e9ndose a hacer un uso diligente y confidencial de la misma. El USUARIO se compromete a hacer un uso adecuado de los contenidos y servicios (como por ejemplo servicios de chat, foros de discusi\u00f3n o grupos de noticias) que Tribe Family ofrece a trav\u00e9s de su portal y con car\u00e1cter enunciativo pero no limitativo, a no emplearlos para (i) incurrir en actividades il\u00edcitas, ilegales o contrarias a la buena fe y al orden p\u00fablico; (ii) difundir contenidos o propaganda de car\u00e1cter racista, xen\u00f3fobo, pornogr\u00e1fico-ilegal, de apolog\u00eda del terrorismo o atentatorio contra los derechos humanos; (iii) provocar da\u00f1os en los sistemas f\u00edsicos y l\u00f3gicos de Tribe Family, de sus proveedores o de terceras personas, introducir o difundir en la red virus inform\u00e1ticos o cualesquiera otros sistemas f\u00edsicos o l\u00f3gicos que sean susceptibles de provocar los da\u00f1os anteriormente mencionados; (iv) intentar acceder y, en su caso, utilizar las cuentas de correo electr\u00f3nico de otros usuarios y modificar o manipular sus mensajes. Tribe Family se reserva el derecho de retirar todos aquellos comentarios y aportaciones que vulneren el respeto a la dignidad de la persona, que sean discriminatorios, xen\u00f3fobos, racistas, pornogr\u00e1ficos, que atenten contra la juventud o la infancia, el orden o la seguridad p\u00fablica o que, a su juicio, no resultaran adecuados para su publicaci\u00f3n.<\/p>\n\n<p>En cualquier caso, Tribe Family no ser\u00e1 responsable de las opiniones vertidas por los usuarios a trav\u00e9s de los foros, chats, u otras herramientas de participaci\u00f3n.<\/p>\n\n<h2 class=\"wp-block-heading\" style=\"font-size:25px\"><strong>4. PROTECCI\u00d3N DE DATOS<\/strong><\/h2>\n\n<p>Tribe Family cumple con las directrices de la Ley Org\u00e1nica 15\/1999 de 13 de diciembre de Protecci\u00f3n de Datos de Car\u00e1cter Personal, el Real Decreto 1720\/2007 de 21 de diciembre por el que se aprueba el Reglamento de desarrollo de la Ley Org\u00e1nica y dem\u00e1s normativa vigente en cada momento, y vela por garantizar un correcto uso y tratamiento de los datos personales del usuario.<\/p>\n\n<p>Tribe Family tambi\u00e9n cumple de forma expresa, precisa e inequ\u00edvoca con el <strong>derecho de informaci\u00f3n<\/strong> de que dispone el usuario persona f\u00edsica en relaci\u00f3n con el <strong>tratamiento de sus datos personales, <\/strong>seg\u00fan el art\u00edculo 5.1 de la<strong> LOPD.<\/strong><\/p>\n\n<p>Los datos personales comunicados por el usuario a Tribe Family pueden ser almacenados en bases de datos automatizadas o no, cuya titularidad corresponde en exclusiva a Tribe Family, asumiendo \u00e9sta todas las medidas de \u00edndole t\u00e9cnica, organizativa y de seguridad que garantizan la confidencialidad, integridad y calidad de la informaci\u00f3n contenida en las mismas de acuerdo con lo establecido en la normativa vigente en protecci\u00f3n de datos. La comunicaci\u00f3n entre los usuarios y Tribe Family utiliza un canal seguro, y los datos transmitidos son cifrados gracias a protocolos a https, por tanto, se garantizan las mejores condiciones de seguridad para que la confidencialidad de los usuarios est\u00e9 asegurada.<\/p>\n\n<p>Para ello, junto a cada formulario de recabo de datos de car\u00e1cter personal, en los servicios que el usuario pueda solicitar a info@nurafisioterapia.com, har\u00e1 saber al usuario de la existencia y aceptaci\u00f3n de las condiciones particulares del tratamiento de sus datos en cada caso, inform\u00e1ndole de la responsabilidad del fichero creado, la direcci\u00f3n del responsable, la posibilidad de ejercer sus derechos de acceso, rectificaci\u00f3n, cancelaci\u00f3n u oposici\u00f3n, la finalidad del tratamiento y las comunicaciones de datos a terceros en su caso.<\/p>\n\n<p>Asimismo, Tribe Family informa que da cumplimiento a la Ley 34\/2002 de 11 de julio, de Servicios de la Sociedad de la Informaci\u00f3n y el Comercio Electr\u00f3nico as\u00ed como a la nueva ley RGPD y le solicitar\u00e1 su consentimiento al tratamiento de su correo electr\u00f3nico con fines comerciales en cada momento.<\/p>\n\n<h2 class=\"wp-block-heading\" style=\"font-size:25px\"><strong>5. PROPIEDAD INTELECTUAL E INDUSTRIAL<\/strong><\/h2>\n\n<p>Tribe Family por s\u00ed o como cesionaria, es titular de todos los derechos de propiedad intelectual e industrial de su p\u00e1gina web, as\u00ed como de los elementos contenidos en la misma (a t\u00edtulo enunciativo, im\u00e1genes, sonido, audio, v\u00eddeo, software o textos; marcas o logotipos, combinaciones de colores, estructura y dise\u00f1o, selecci\u00f3n de materiales usados, programas de ordenador necesarios para su funcionamiento, acceso y uso, etc.), titularidad de Tribe Family o bien de sus licenciantes.<\/p>\n\n<p>Todos los derechos reservados. En virtud de lo dispuesto en los art\u00edculos 8 y 32.1, p\u00e1rrafo segundo, de la Ley de Propiedad Intelectual, quedan expresamente prohibidas la reproducci\u00f3n, la distribuci\u00f3n y la comunicaci\u00f3n p\u00fablica, incluida su modalidad de puesta a disposici\u00f3n, de la totalidad o parte de los contenidos de esta p\u00e1gina web, con fines comerciales, en cualquier soporte y por cualquier medio t\u00e9cnico, sin la autorizaci\u00f3n de Tribe Family.<\/p>\n\n<p>El USUARIO se compromete a respetar los derechos de Propiedad Intelectual e Industrial titularidad de Tribe Family. Podr\u00e1 visualizar los elementos del portal e incluso imprimirlos, copiarlos y almacenarlos en el disco duro de su ordenador o en cualquier otro soporte f\u00edsico siempre y cuando sea, \u00fanica y exclusivamente, para su uso personal y privado. El USUARIO deber\u00e1 abstenerse de suprimir, alterar, eludir o manipular cualquier dispositivo de protecci\u00f3n o sistema de seguridad que estuviera instalado en las p\u00e1ginas de Tribe Family.<\/p>\n\n<p>En el caso de que un usuario o un tercero consideren que se ha producido una violaci\u00f3n de sus leg\u00edtimos derechos de propiedad intelectual por la introducci\u00f3n de un determinado contenido en la web, deber\u00e1 notificar dicha circunstancia a Tribe Family indicando:<\/p>\n\n<ul class=\"wp-block-list\"><li>Datos personales del interesado titular de los derechos presuntamente infringidos, o indicar la representaci\u00f3n con la que act\u00faa en caso de que la reclamaci\u00f3n la presente un tercero distinto del interesado.<\/li><li>Se\u00f1alar los contenidos protegidos por los derechos de propiedad intelectual y su ubicaci\u00f3n en la web, la acreditaci\u00f3n de los derechos de propiedad intelectual se\u00f1alados y declaraci\u00f3n expresa en la que el interesado se responsabiliza de la veracidad de las informaciones facilitadas en la notificaci\u00f3n.<\/li><\/ul>\n\n<h2 class=\"wp-block-heading\" style=\"font-size:25px\"><strong>6. EXCLUSI\u00d3N DE GARANT\u00cdAS Y RESPONSABILIDAD<\/strong><\/h2>\n\n<p>Tribe Family no se hace responsable, en ning\u00fan caso, de los da\u00f1os y perjuicios de cualquier naturaleza que pudieran ocasionar, a t\u00edtulo enunciativo: errores u omisiones en los contenidos, falta de disponibilidad del portal o la transmisi\u00f3n de virus o programas maliciosos o lesivos en los contenidos, a pesar de haber adoptado todas las medidas tecnol\u00f3gicas necesarias para evitarlo.<\/p>\n\n<h2 class=\"wp-block-heading\" style=\"font-size:25px\"><strong>7. MODIFICACIONES<\/strong><\/h2>\n\n<p>Tribe Family se reserva el derecho de efectuar sin previo aviso las modificaciones que considere oportunas en su portal, pudiendocambiar, suprimir o a\u00f1adir tanto los contenidos y servicios que se presten a trav\u00e9s de la misma como la forma en la que \u00e9stos aparezcan presentados o localizados en su portal.<\/p>\n\n<h2 class=\"wp-block-heading\" style=\"font-size:25px\"><strong>8. ENLACES<\/strong><\/h2>\n\n<p>En el caso de que en www.ims-sotogrande.com se dispusiesen enlaces o hiperv\u00ednculos hac\u00eda otros sitios de Internet, Tribe Family no ejercer\u00e1 ning\u00fan tipo de control sobre dichos sitios y contenidos. En ning\u00fan caso Tribe Family asumir\u00e1 responsabilidad alguna por los contenidos de alg\u00fan enlace perteneciente a un sitio web ajeno, ni garantizar\u00e1 la disponibilidad t\u00e9cnica, calidad, fiabilidad, exactitud, amplitud, veracidad, validez y constitucionalidad de cualquier material o informaci\u00f3n contenida en ninguno de dichos hiperv\u00ednculos u otros sitios de Internet.<\/p>\n\n<p>Igualmente la inclusi\u00f3n de estas conexiones externas no implicar\u00e1 ning\u00fan tipo de asociaci\u00f3n, fusi\u00f3n o participaci\u00f3n con las entidades conectadas.<\/p>\n\n<h2 class=\"wp-block-heading\" style=\"font-size:25px\"><strong>9. DERECHO DE EXCLUSI\u00d3N<\/strong><\/h2>\n\n<p>Tribe Family se reserva el derecho a denegar o retirar el acceso a portal y\/o los servicios ofrecidos sin necesidad de preaviso, a instancia propia o de un tercero, a aquellos usuarios que incumplan las presentes Condiciones Generales de Uso.<\/p>\n\n<h2 class=\"wp-block-heading\" style=\"font-size:25px\"><strong>10. GENERALIDADES<\/strong><\/h2>\n\n<p>Tribe Family perseguir\u00e1 el incumplimiento de las presentes condiciones as\u00ed como cualquier utilizaci\u00f3n indebida de su portal ejerciendo todas las acciones civiles y penales que le puedan corresponder en derecho.<\/p>\n\n<h2 class=\"wp-block-heading\" style=\"font-size:25px\"><strong>11. MODIFICACI\u00d3N DE LAS PRESENTES CONDICIONES Y DURACI\u00d3N<\/strong><\/h2>\n\n<p>Tribe Family podr\u00e1 modificar en cualquier momento las condiciones aqu\u00ed determinadas, siendo debidamente publicadas como aqu\u00ed aparecen. La vigencia de las citadas condiciones ir\u00e1 en funci\u00f3n de su exposici\u00f3n y estar\u00e1n vigentes hasta debidamente publicadas. que sean modificadas por otras.<\/p>\n\n<h2 class=\"wp-block-heading\" style=\"font-size:25px\"><strong>12. LEGISLACI\u00d3N APLICABLE Y JURISDICCI\u00d3N<\/strong><\/h2>\n\n<p>La relaci\u00f3n entre Tribe Family y el USUARIO se regir\u00e1 por la normativa espa\u00f1ola vigente y cualquier controversia se someter\u00e1 a los Juzgados y tribunales de la ciudad de San Roque, C\u00e1diz.<\/p>\n\n<div style=\"height:100px\" aria-hidden=\"true\" class=\"wp-block-spacer\"><\/div>\n","protected":false},"excerpt":{"rendered":"<p>AVISO LEGAL 1. DATOS IDENTIFICATIVOS Tribe Family como m\u00e1xima responsable de IMS ha adecuado esta web a las exigencias del Reglamento (UE) 2016\/679 del Parlamento Europeo y del Consejo de 27 de abril de 2016 relativo a la protecci\u00f3n de datos de las personas f\u00edsicas en lo que respecta al tratamiento de datos personales y&#8230;<\/p>\n","protected":false},"author":3,"featured_media":0,"parent":0,"menu_order":13,"comment_status":"closed","ping_status":"closed","template":"","meta":{"_acf_changed":false,"_seopress_robots_primary_cat":"","_seopress_titles_title":"","_seopress_titles_desc":"","_seopress_robots_index":"","_kad_blocks_custom_css":"","_kad_blocks_head_custom_js":"","_kad_blocks_body_custom_js":"","_kad_blocks_footer_custom_js":"","_kad_post_transparent":"","_kad_post_title":"","_kad_post_layout":"narrow","_kad_post_sidebar_id":"","_kad_post_content_style":"","_kad_post_vertical_padding":"","_kad_post_feature":"","_kad_post_feature_position":"","_kad_post_header":false,"_kad_post_footer":false,"_kad_post_classname":"","footnotes":""},"class_list":["post-8122","page","type-page","status-publish","hentry"],"acf":[],"taxonomy_info":[],"featured_image_src_large":false,"author_info":{"display_name":"IMS Sotogrande Montessori","author_link":"https:\/\/www.ims-sotogrande.com\/es\/author\/ims-sotograndes\/"},"comment_info":0,"_links":{"self":[{"href":"https:\/\/www.ims-sotogrande.com\/es\/wp-json\/wp\/v2\/pages\/8122","targetHints":{"allow":["GET"]}}],"collection":[{"href":"https:\/\/www.ims-sotogrande.com\/es\/wp-json\/wp\/v2\/pages"}],"about":[{"href":"https:\/\/www.ims-sotogrande.com\/es\/wp-json\/wp\/v2\/types\/page"}],"author":[{"embeddable":true,"href":"https:\/\/www.ims-sotogrande.com\/es\/wp-json\/wp\/v2\/users\/3"}],"replies":[{"embeddable":true,"href":"https:\/\/www.ims-sotogrande.com\/es\/wp-json\/wp\/v2\/comments?post=8122"}],"version-history":[{"count":2,"href":"https:\/\/www.ims-sotogrande.com\/es\/wp-json\/wp\/v2\/pages\/8122\/revisions"}],"predecessor-version":[{"id":8127,"href":"https:\/\/www.ims-sotogrande.com\/es\/wp-json\/wp\/v2\/pages\/8122\/revisions\/8127"}],"wp:attachment":[{"href":"https:\/\/www.ims-sotogrande.com\/es\/wp-json\/wp\/v2\/media?parent=8122"}],"curies":[{"name":"wp","href":"https:\/\/api.w.org\/{rel}","templated":true}]}}